{"id":569,"date":"2018-10-01T13:10:05","date_gmt":"2018-10-01T13:10:05","guid":{"rendered":"https:\/\/saborebrasa.com.br\/site\/index.php\/about-us\/"},"modified":"2023-09-18T22:47:41","modified_gmt":"2023-09-18T22:47:41","slug":"a-empresa","status":"publish","type":"page","link":"https:\/\/saborebrasa.com.br\/site\/?page_id=569","title":{"rendered":"A Empresa"},"content":{"rendered":"\t\t<div data-elementor-type=\"wp-post\" data-elementor-id=\"569\" class=\"elementor elementor-569\" data-elementor-settings=\"[]\">\n\t\t\t\t\t\t\t<div class=\"elementor-section-wrap\">\n\t\t\t\t\t\t\t<section class=\"elementor-section elementor-top-section elementor-element elementor-element-8f8a360 elementor-section-full_width elementor-section-height-default elementor-section-height-default\" data-id=\"8f8a360\" data-element_type=\"section\" data-settings=\"{&quot;background_background&quot;:&quot;classic&quot;}\">\n\t\t\t\t\t\t\t<div class=\"elementor-background-overlay\"><\/div>\n\t\t\t\t\t\t\t<div class=\"elementor-container elementor-column-gap-no\">\n\t\t\t\t\t<div class=\"elementor-column elementor-col-100 elementor-top-column elementor-element elementor-element-de54c45\" data-id=\"de54c45\" data-element_type=\"column\">\n\t\t\t<div class=\"elementor-widget-wrap elementor-element-populated\">\n\t\t\t\t\t\t\t\t<div class=\"elementor-element elementor-element-309d64c elementor-widget elementor-widget-heading\" data-id=\"309d64c\" data-element_type=\"widget\" data-widget_type=\"heading.default\">\n\t\t\t\t<div class=\"elementor-widget-container\">\n\t\t\t<h2 class=\"elementor-heading-title elementor-size-default\">Sobre n\u00f3s<\/h2>\t\t<\/div>\n\t\t\t\t<\/div>\n\t\t\t\t\t<\/div>\n\t\t<\/div>\n\t\t\t\t\t\t\t<\/div>\n\t\t<\/section>\n\t\t\t\t<section class=\"elementor-section elementor-top-section elementor-element elementor-element-939a8d1 elementor-section-full_width elementor-section-height-default elementor-section-height-default\" data-id=\"939a8d1\" data-element_type=\"section\">\n\t\t\t\t\t\t<div class=\"elementor-container elementor-column-gap-default\">\n\t\t\t\t\t<div class=\"elementor-column elementor-col-100 elementor-top-column elementor-element elementor-element-e2a1e1a\" data-id=\"e2a1e1a\" data-element_type=\"column\">\n\t\t\t<div class=\"elementor-widget-wrap elementor-element-populated\">\n\t\t\t\t\t\t\t\t<div class=\"elementor-element elementor-element-d4bb816 elementor-widget elementor-widget-heading\" data-id=\"d4bb816\" data-element_type=\"widget\" data-widget_type=\"heading.default\">\n\t\t\t\t<div class=\"elementor-widget-container\">\n\t\t\t<h3 class=\"elementor-heading-title elementor-size-default\">Com compet\u00eancia e criatividade<br>Tornamos o seu evento um momento nobre<\/h3>\t\t<\/div>\n\t\t\t\t<\/div>\n\t\t\t\t<section class=\"elementor-section elementor-inner-section elementor-element elementor-element-3804f49 elementor-section-boxed elementor-section-height-default elementor-section-height-default\" data-id=\"3804f49\" data-element_type=\"section\">\n\t\t\t\t\t\t<div class=\"elementor-container elementor-column-gap-default\">\n\t\t\t\t\t<div class=\"elementor-column elementor-col-50 elementor-inner-column elementor-element elementor-element-ae6b08e\" data-id=\"ae6b08e\" data-element_type=\"column\">\n\t\t\t<div class=\"elementor-widget-wrap elementor-element-populated\">\n\t\t\t\t\t\t\t\t<div class=\"elementor-element elementor-element-393ddf9 elementor-widget elementor-widget-text-editor\" data-id=\"393ddf9\" data-element_type=\"widget\" data-widget_type=\"text-editor.default\">\n\t\t\t\t<div class=\"elementor-widget-container\">\n\t\t\t\t\t\t\t\t<p>O Sabor &amp; Brasa Buffet, desde 2013, proporciona o que h\u00e1 de melhor em Buffet de Churrasco. Aliando sabores e sensa\u00e7\u00f5es, oferecemos card\u00e1pios personalizados e alinhados \u00e1s necessidades de cada cliente, seja em eventos CORPORATIVOS ou Sociais. A estrutura do Sabor &amp; Brasa Buffet permite um atendimento de qualidade \u00cdmpar para centenas de pessoas. Aqui voc\u00ea encontra uma equipe altamente qualificada e bem treinada para receber e servir seus convidados com rapidez e eleg\u00e2ncia.<\/p>\t\t\t\t\t\t<\/div>\n\t\t\t\t<\/div>\n\t\t\t\t\t<\/div>\n\t\t<\/div>\n\t\t\t\t<div class=\"elementor-column elementor-col-50 elementor-inner-column elementor-element elementor-element-5fac5f9\" data-id=\"5fac5f9\" data-element_type=\"column\">\n\t\t\t<div class=\"elementor-widget-wrap elementor-element-populated\">\n\t\t\t\t\t\t\t\t<div class=\"elementor-element elementor-element-5b751ef elementor-icon-list--layout-traditional elementor-list-item-link-full_width elementor-widget elementor-widget-icon-list\" data-id=\"5b751ef\" data-element_type=\"widget\" data-widget_type=\"icon-list.default\">\n\t\t\t\t<div class=\"elementor-widget-container\">\n\t\t\t\t\t<ul class=\"elementor-icon-list-items\">\n\t\t\t\t\t\t\t<li class=\"elementor-icon-list-item\">\n\t\t\t\t\t\t\t\t\t\t\t<span class=\"elementor-icon-list-icon\">\n\t\t\t\t\t\t\t<i aria-hidden=\"true\" class=\"fas fa-check\"><\/i>\t\t\t\t\t\t<\/span>\n\t\t\t\t\t\t\t\t\t\t<span class=\"elementor-icon-list-text\"><b>MISS\u00c3O<\/b><br>Realizar um servi\u00e7o de Buffet Externo com excel\u00eancia, atendendo com sofistica\u00e7\u00e3o as necessidades e desejos de cada cliente.<\/span>\n\t\t\t\t\t\t\t\t\t<\/li>\n\t\t\t\t\t\t\t\t<li class=\"elementor-icon-list-item\">\n\t\t\t\t\t\t\t\t\t\t\t<span class=\"elementor-icon-list-icon\">\n\t\t\t\t\t\t\t<i aria-hidden=\"true\" class=\"fas fa-check\"><\/i>\t\t\t\t\t\t<\/span>\n\t\t\t\t\t\t\t\t\t\t<span class=\"elementor-icon-list-text\"><b>VIS\u00c3O<\/b><br>\u00c9tica, Compromisso com o Cliente, Seguran\u00e7a Alimentar e Nutricional, Responsabilidade Socioambiental, Valoriza\u00e7\u00e3o dos colaboradores.<\/span>\n\t\t\t\t\t\t\t\t\t<\/li>\n\t\t\t\t\t\t\t\t<li class=\"elementor-icon-list-item\">\n\t\t\t\t\t\t\t\t\t\t\t<span class=\"elementor-icon-list-icon\">\n\t\t\t\t\t\t\t<i aria-hidden=\"true\" class=\"fas fa-check\"><\/i>\t\t\t\t\t\t<\/span>\n\t\t\t\t\t\t\t\t\t\t<span class=\"elementor-icon-list-text\"><b>VALORES<\/b><br><span style=\"color: rgb(62, 62, 62); font-family: &quot;Open Sans&quot;, sans-serif; font-size: 16px; white-space-collapse: collapse;\">\u00c9tica e respeito com colaboradores, clientes, fornecedores, parceiros e a sociedade.<\/span><\/span>\n\t\t\t\t\t\t\t\t\t<\/li>\n\t\t\t\t\t\t<\/ul>\n\t\t\t\t<\/div>\n\t\t\t\t<\/div>\n\t\t\t\t\t<\/div>\n\t\t<\/div>\n\t\t\t\t\t\t\t<\/div>\n\t\t<\/section>\n\t\t\t\t<section class=\"elementor-section elementor-inner-section elementor-element elementor-element-2d62a88 elementor-section-boxed elementor-section-height-default elementor-section-height-default\" data-id=\"2d62a88\" data-element_type=\"section\">\n\t\t\t\t\t\t<div class=\"elementor-container elementor-column-gap-default\">\n\t\t\t\t\t<div class=\"elementor-column elementor-col-100 elementor-inner-column elementor-element elementor-element-6b42eaa\" data-id=\"6b42eaa\" data-element_type=\"column\">\n\t\t\t<div class=\"elementor-widget-wrap elementor-element-populated\">\n\t\t\t\t\t\t\t\t<div class=\"elementor-element elementor-element-16703dd elementor-widget elementor-widget-heading\" data-id=\"16703dd\" data-element_type=\"widget\" data-widget_type=\"heading.default\">\n\t\t\t\t<div class=\"elementor-widget-container\">\n\t\t\t<h3 class=\"elementor-heading-title elementor-size-default\">Estrutura Diferenciada<\/h3>\t\t<\/div>\n\t\t\t\t<\/div>\n\t\t\t\t<div class=\"elementor-element elementor-element-b61591e elementor-widget elementor-widget-text-editor\" data-id=\"b61591e\" data-element_type=\"widget\" data-widget_type=\"text-editor.default\">\n\t\t\t\t<div class=\"elementor-widget-container\">\n\t\t\t\t\t\t\t\tContamos com ve\u00edculos espec\u00edficos para transportar equipamentos e materiais. Fornecemos ainda, inteiramente gr\u00e1tis, churrasqueiras pr\u00f3prias para a prepara\u00e7\u00e3o do churrasco, TOALHAS E COBRE-MANCHAS para TODAS as mesas.\nTemos uma equipe especializada de churrasqueiros, cozinheiros, gar\u00e7ons e copeiros, dimensionados e adequados para o tamanho do seu evento.\t\t\t\t\t\t<\/div>\n\t\t\t\t<\/div>\n\t\t\t\t<div class=\"elementor-element elementor-element-9b80184 elementor-widget elementor-widget-text-editor\" data-id=\"9b80184\" data-element_type=\"widget\" data-widget_type=\"text-editor.default\">\n\t\t\t\t<div class=\"elementor-widget-container\">\n\t\t\t\t\t\t\t\tCard\u00e1pios nossos menus s\u00e3o preparados com op\u00e7\u00f5es pr\u00e1ticas, equilibradas e saborosas. Se preferir pode optar por um card\u00e1pio personalizado de acordo com suas necessidades.\nCada tipo de evento merece um servi\u00e7o adequado ao hor\u00e1rio em que \u00e9 realizado. E o sabor &#038; brasa Buffet pode lhe ajudar a escolher a melhor op\u00e7\u00e3o.\t\t\t\t\t\t<\/div>\n\t\t\t\t<\/div>\n\t\t\t\t\t<\/div>\n\t\t<\/div>\n\t\t\t\t\t\t\t<\/div>\n\t\t<\/section>\n\t\t\t\t\t<\/div>\n\t\t<\/div>\n\t\t\t\t\t\t\t<\/div>\n\t\t<\/section>\n\t\t\t\t\t\t<\/div>\n\t\t\t\t\t<\/div>\n\t\t","protected":false},"excerpt":{"rendered":"<p>Sobre n\u00f3s Com compet\u00eancia e criatividadeTornamos o seu evento um momento nobre O Sabor &amp; Brasa Buffet, desde 2013, proporciona o que h\u00e1 de melhor em Buffet de Churrasco. Aliando sabores e sensa\u00e7\u00f5es, oferecemos card\u00e1pios personalizados e alinhados \u00e1s necessidades de cada cliente, seja em eventos CORPORATIVOS ou Sociais. A estrutura do Sabor &amp; Brasa &hellip;<\/p>\n<p class=\"read-more\"> <a class=\"\" href=\"https:\/\/saborebrasa.com.br\/site\/?page_id=569\"> <span class=\"screen-reader-text\">A Empresa<\/span> Leia mais &raquo;<\/a><\/p>\n","protected":false},"author":1,"featured_media":0,"parent":0,"menu_order":2,"comment_status":"closed","ping_status":"closed","template":"","meta":{"spay_email":""},"_links":{"self":[{"href":"https:\/\/saborebrasa.com.br\/site\/index.php?rest_route=\/wp\/v2\/pages\/569"}],"collection":[{"href":"https:\/\/saborebrasa.com.br\/site\/index.php?rest_route=\/wp\/v2\/pages"}],"about":[{"href":"https:\/\/saborebrasa.com.br\/site\/index.php?rest_route=\/wp\/v2\/types\/page"}],"author":[{"embeddable":true,"href":"https:\/\/saborebrasa.com.br\/site\/index.php?rest_route=\/wp\/v2\/users\/1"}],"replies":[{"embeddable":true,"href":"https:\/\/saborebrasa.com.br\/site\/index.php?rest_route=%2Fwp%2Fv2%2Fcomments&post=569"}],"version-history":[{"count":10,"href":"https:\/\/saborebrasa.com.br\/site\/index.php?rest_route=\/wp\/v2\/pages\/569\/revisions"}],"predecessor-version":[{"id":949,"href":"https:\/\/saborebrasa.com.br\/site\/index.php?rest_route=\/wp\/v2\/pages\/569\/revisions\/949"}],"wp:attachment":[{"href":"https:\/\/saborebrasa.com.br\/site\/index.php?rest_route=%2Fwp%2Fv2%2Fmedia&parent=569"}],"curies":[{"name":"wp","href":"https:\/\/api.w.org\/{rel}","templated":true}]}}